{"id":291,"date":"2026-02-04T15:39:55","date_gmt":"2026-02-04T15:39:55","guid":{"rendered":"http:\/\/cleaningkiller.com\/?page_id=291"},"modified":"2026-02-04T15:39:55","modified_gmt":"2026-02-04T15:39:55","slug":"politique-de-confidentialite","status":"publish","type":"page","link":"https:\/\/cleaningkiller.com\/?page_id=291","title":{"rendered":"Politique de Confidentialit\u00e9"},"content":{"rendered":"\n<p><\/p>\n\n\n\n<p>Les informations recueillies via nos formulaires (nom, num\u00e9ro de t\u00e9l\u00e9phone, adresse e-mail) sont utilis\u00e9es uniquement dans le but de recontacter les personnes ayant effectu\u00e9 une demande de renseignements ou de devis concernant nos prestations de nettoyage.<\/p>\n\n\n\n<p>Ces donn\u00e9es sont strictement confidentielles. Elles ne sont ni vendues, ni \u00e9chang\u00e9es, ni transmises \u00e0 des tiers.<\/p>\n\n\n\n<p>Les informations collect\u00e9es sont conserv\u00e9es uniquement le temps n\u00e9cessaire au traitement de la demande et au suivi de la relation client si une prestation est r\u00e9alis\u00e9e.<\/p>\n\n\n\n<p>Conform\u00e9ment au R\u00e8glement G\u00e9n\u00e9ral sur la Protection des Donn\u00e9es (RGPD), vous pouvez exercer votre droit d\u2019acc\u00e8s, de rectification ou de suppression de vos donn\u00e9es personnelles \u00e0 tout moment en nous contactant \u00e0 l\u2019adresse suivante : cleaningkiller@gmail.com<\/p>\n\n\n\n<p><\/p>\n","protected":false},"excerpt":{"rendered":"<p>Les informations recueillies via nos formulaires (nom, num\u00e9ro de t\u00e9l\u00e9phone, adresse e-mail) sont utilis\u00e9es uniquement dans le but de recontacter les personnes ayant effectu\u00e9 une demande de renseignements ou de devis concernant nos prestations de nettoyage. Ces donn\u00e9es sont strictement confidentielles. Elles ne sont ni vendues, ni \u00e9chang\u00e9es, ni transmises \u00e0 des tiers. Les informations [&hellip;]<\/p>\n","protected":false},"author":1,"featured_media":0,"parent":0,"menu_order":0,"comment_status":"closed","ping_status":"closed","template":"","meta":{"footnotes":""},"class_list":["post-291","page","type-page","status-publish","hentry"],"yoast_head":"<!-- This site is optimized with the Yoast SEO plugin v27.5 - https:\/\/yoast.com\/product\/yoast-seo-wordpress\/ -->\n<title>Politique de Confidentialit\u00e9 - Entreprise de nettoyage pour Professionnels et particuliers \u00c0 auriol et alentours<\/title>\n<meta name=\"robots\" content=\"index, follow, max-snippet:-1, max-image-preview:large, max-video-preview:-1\" \/>\n<link rel=\"canonical\" href=\"https:\/\/cleaningkiller.com\/?page_id=291\" \/>\n<meta property=\"og:locale\" content=\"fr_FR\" \/>\n<meta property=\"og:type\" content=\"article\" \/>\n<meta property=\"og:title\" content=\"Politique de Confidentialit\u00e9 - Entreprise de nettoyage pour Professionnels et particuliers \u00c0 auriol et alentours\" \/>\n<meta property=\"og:description\" content=\"Les informations recueillies via nos formulaires (nom, num\u00e9ro de t\u00e9l\u00e9phone, adresse e-mail) sont utilis\u00e9es uniquement dans le but de recontacter les personnes ayant effectu\u00e9 une demande de renseignements ou de devis concernant nos prestations de nettoyage. Ces donn\u00e9es sont strictement confidentielles. Elles ne sont ni vendues, ni \u00e9chang\u00e9es, ni transmises \u00e0 des tiers. Les informations [&hellip;]\" \/>\n<meta property=\"og:url\" content=\"https:\/\/cleaningkiller.com\/?page_id=291\" \/>\n<meta property=\"og:site_name\" content=\"Entreprise de nettoyage pour Professionnels et particuliers \u00c0 auriol et alentours\" \/>\n<meta property=\"article:publisher\" content=\"https:\/\/www.facebook.com\/profile.php?id=61577584183837\" \/>\n<meta name=\"twitter:card\" content=\"summary_large_image\" \/>\n<meta name=\"twitter:label1\" content=\"Dur\u00e9e de lecture estim\u00e9e\" \/>\n\t<meta name=\"twitter:data1\" content=\"1 minute\" \/>\n<script type=\"application\/ld+json\" class=\"yoast-schema-graph\">{\"@context\":\"https:\\\/\\\/schema.org\",\"@graph\":[{\"@type\":\"WebPage\",\"@id\":\"https:\\\/\\\/cleaningkiller.com\\\/?page_id=291\",\"url\":\"https:\\\/\\\/cleaningkiller.com\\\/?page_id=291\",\"name\":\"Politique de Confidentialit\u00e9 - Entreprise de nettoyage pour Professionnels et particuliers \u00c0 auriol et alentours\",\"isPartOf\":{\"@id\":\"https:\\\/\\\/cleaningkiller.com\\\/#website\"},\"datePublished\":\"2026-02-04T15:39:55+00:00\",\"breadcrumb\":{\"@id\":\"https:\\\/\\\/cleaningkiller.com\\\/?page_id=291#breadcrumb\"},\"inLanguage\":\"fr-FR\",\"potentialAction\":[{\"@type\":\"ReadAction\",\"target\":[\"https:\\\/\\\/cleaningkiller.com\\\/?page_id=291\"]}]},{\"@type\":\"BreadcrumbList\",\"@id\":\"https:\\\/\\\/cleaningkiller.com\\\/?page_id=291#breadcrumb\",\"itemListElement\":[{\"@type\":\"ListItem\",\"position\":1,\"name\":\"Accueil\",\"item\":\"https:\\\/\\\/cleaningkiller.com\\\/\"},{\"@type\":\"ListItem\",\"position\":2,\"name\":\"Politique de Confidentialit\u00e9\"}]},{\"@type\":\"WebSite\",\"@id\":\"https:\\\/\\\/cleaningkiller.com\\\/#website\",\"url\":\"https:\\\/\\\/cleaningkiller.com\\\/\",\"name\":\"Entreprise de nettoyage pour Professionnels et particuliers\",\"description\":\"La salet\u00e9 est notre seul victime\",\"publisher\":{\"@id\":\"https:\\\/\\\/cleaningkiller.com\\\/#organization\"},\"potentialAction\":[{\"@type\":\"SearchAction\",\"target\":{\"@type\":\"EntryPoint\",\"urlTemplate\":\"https:\\\/\\\/cleaningkiller.com\\\/?s={search_term_string}\"},\"query-input\":{\"@type\":\"PropertyValueSpecification\",\"valueRequired\":true,\"valueName\":\"search_term_string\"}}],\"inLanguage\":\"fr-FR\"},{\"@type\":\"Organization\",\"@id\":\"https:\\\/\\\/cleaningkiller.com\\\/#organization\",\"name\":\"Entreprise de nettoyage\",\"url\":\"https:\\\/\\\/cleaningkiller.com\\\/\",\"logo\":{\"@type\":\"ImageObject\",\"inLanguage\":\"fr-FR\",\"@id\":\"https:\\\/\\\/cleaningkiller.com\\\/#\\\/schema\\\/logo\\\/image\\\/\",\"url\":\"http:\\\/\\\/cleaningkiller.com\\\/wp-content\\\/uploads\\\/2025\\\/11\\\/cropped-Cleaning-killer-.png\",\"contentUrl\":\"http:\\\/\\\/cleaningkiller.com\\\/wp-content\\\/uploads\\\/2025\\\/11\\\/cropped-Cleaning-killer-.png\",\"width\":500,\"height\":500,\"caption\":\"Entreprise de nettoyage\"},\"image\":{\"@id\":\"https:\\\/\\\/cleaningkiller.com\\\/#\\\/schema\\\/logo\\\/image\\\/\"},\"sameAs\":[\"https:\\\/\\\/www.facebook.com\\\/profile.php?id=61577584183837\",\"https:\\\/\\\/www.instagram.com\\\/cleaning.killer\\\/\",\"https:\\\/\\\/g.page\\\/r\\\/CYll4FPs4hcEEBM\\\/review\"]}]}<\/script>\n<!-- \/ Yoast SEO plugin. -->","yoast_head_json":{"title":"Politique de Confidentialit\u00e9 - Entreprise de nettoyage pour Professionnels et particuliers \u00c0 auriol et alentours","robots":{"index":"index","follow":"follow","max-snippet":"max-snippet:-1","max-image-preview":"max-image-preview:large","max-video-preview":"max-video-preview:-1"},"canonical":"https:\/\/cleaningkiller.com\/?page_id=291","og_locale":"fr_FR","og_type":"article","og_title":"Politique de Confidentialit\u00e9 - Entreprise de nettoyage pour Professionnels et particuliers \u00c0 auriol et alentours","og_description":"Les informations recueillies via nos formulaires (nom, num\u00e9ro de t\u00e9l\u00e9phone, adresse e-mail) sont utilis\u00e9es uniquement dans le but de recontacter les personnes ayant effectu\u00e9 une demande de renseignements ou de devis concernant nos prestations de nettoyage. Ces donn\u00e9es sont strictement confidentielles. Elles ne sont ni vendues, ni \u00e9chang\u00e9es, ni transmises \u00e0 des tiers. Les informations [&hellip;]","og_url":"https:\/\/cleaningkiller.com\/?page_id=291","og_site_name":"Entreprise de nettoyage pour Professionnels et particuliers \u00c0 auriol et alentours","article_publisher":"https:\/\/www.facebook.com\/profile.php?id=61577584183837","twitter_card":"summary_large_image","twitter_misc":{"Dur\u00e9e de lecture estim\u00e9e":"1 minute"},"schema":{"@context":"https:\/\/schema.org","@graph":[{"@type":"WebPage","@id":"https:\/\/cleaningkiller.com\/?page_id=291","url":"https:\/\/cleaningkiller.com\/?page_id=291","name":"Politique de Confidentialit\u00e9 - Entreprise de nettoyage pour Professionnels et particuliers \u00c0 auriol et alentours","isPartOf":{"@id":"https:\/\/cleaningkiller.com\/#website"},"datePublished":"2026-02-04T15:39:55+00:00","breadcrumb":{"@id":"https:\/\/cleaningkiller.com\/?page_id=291#breadcrumb"},"inLanguage":"fr-FR","potentialAction":[{"@type":"ReadAction","target":["https:\/\/cleaningkiller.com\/?page_id=291"]}]},{"@type":"BreadcrumbList","@id":"https:\/\/cleaningkiller.com\/?page_id=291#breadcrumb","itemListElement":[{"@type":"ListItem","position":1,"name":"Accueil","item":"https:\/\/cleaningkiller.com\/"},{"@type":"ListItem","position":2,"name":"Politique de Confidentialit\u00e9"}]},{"@type":"WebSite","@id":"https:\/\/cleaningkiller.com\/#website","url":"https:\/\/cleaningkiller.com\/","name":"Entreprise de nettoyage pour Professionnels et particuliers","description":"La salet\u00e9 est notre seul victime","publisher":{"@id":"https:\/\/cleaningkiller.com\/#organization"},"potentialAction":[{"@type":"SearchAction","target":{"@type":"EntryPoint","urlTemplate":"https:\/\/cleaningkiller.com\/?s={search_term_string}"},"query-input":{"@type":"PropertyValueSpecification","valueRequired":true,"valueName":"search_term_string"}}],"inLanguage":"fr-FR"},{"@type":"Organization","@id":"https:\/\/cleaningkiller.com\/#organization","name":"Entreprise de nettoyage","url":"https:\/\/cleaningkiller.com\/","logo":{"@type":"ImageObject","inLanguage":"fr-FR","@id":"https:\/\/cleaningkiller.com\/#\/schema\/logo\/image\/","url":"http:\/\/cleaningkiller.com\/wp-content\/uploads\/2025\/11\/cropped-Cleaning-killer-.png","contentUrl":"http:\/\/cleaningkiller.com\/wp-content\/uploads\/2025\/11\/cropped-Cleaning-killer-.png","width":500,"height":500,"caption":"Entreprise de nettoyage"},"image":{"@id":"https:\/\/cleaningkiller.com\/#\/schema\/logo\/image\/"},"sameAs":["https:\/\/www.facebook.com\/profile.php?id=61577584183837","https:\/\/www.instagram.com\/cleaning.killer\/","https:\/\/g.page\/r\/CYll4FPs4hcEEBM\/review"]}]}},"jetpack_sharing_enabled":true,"_links":{"self":[{"href":"https:\/\/cleaningkiller.com\/index.php?rest_route=\/wp\/v2\/pages\/291","targetHints":{"allow":["GET"]}}],"collection":[{"href":"https:\/\/cleaningkiller.com\/index.php?rest_route=\/wp\/v2\/pages"}],"about":[{"href":"https:\/\/cleaningkiller.com\/index.php?rest_route=\/wp\/v2\/types\/page"}],"author":[{"embeddable":true,"href":"https:\/\/cleaningkiller.com\/index.php?rest_route=\/wp\/v2\/users\/1"}],"replies":[{"embeddable":true,"href":"https:\/\/cleaningkiller.com\/index.php?rest_route=%2Fwp%2Fv2%2Fcomments&post=291"}],"version-history":[{"count":1,"href":"https:\/\/cleaningkiller.com\/index.php?rest_route=\/wp\/v2\/pages\/291\/revisions"}],"predecessor-version":[{"id":292,"href":"https:\/\/cleaningkiller.com\/index.php?rest_route=\/wp\/v2\/pages\/291\/revisions\/292"}],"wp:attachment":[{"href":"https:\/\/cleaningkiller.com\/index.php?rest_route=%2Fwp%2Fv2%2Fmedia&parent=291"}],"curies":[{"name":"wp","href":"https:\/\/api.w.org\/{rel}","templated":true}]}}